{"id":12049,"date":"2015-01-21T14:15:46","date_gmt":"2015-01-21T13:15:46","guid":{"rendered":"http:\/\/www.maine-anjou.de\/?page_id=12049"},"modified":"2020-03-25T13:39:48","modified_gmt":"2020-03-25T12:39:48","slug":"membres-administratifs","status":"publish","type":"page","link":"https:\/\/www.maine-anjou.de\/fr\/membres-administratifs.html","title":{"rendered":"Membres administratifs"},"content":{"rendered":"Vous devez \u00eatre connect\u00e9 pour voir ce contenu.","protected":false},"excerpt":{"rendered":"Vous devez \u00eatre connect\u00e9 pour voir ce contenu.","protected":false},"author":1,"featured_media":0,"parent":0,"menu_order":21,"comment_status":"closed","ping_status":"closed","template":"","meta":{"footnotes":""},"class_list":["post-12049","page","type-page","status-publish","hentry"],"_links":{"self":[{"href":"https:\/\/www.maine-anjou.de\/fr\/wp-json\/wp\/v2\/pages\/12049","targetHints":{"allow":["GET"]}}],"collection":[{"href":"https:\/\/www.maine-anjou.de\/fr\/wp-json\/wp\/v2\/pages"}],"about":[{"href":"https:\/\/www.maine-anjou.de\/fr\/wp-json\/wp\/v2\/types\/page"}],"author":[{"embeddable":true,"href":"https:\/\/www.maine-anjou.de\/fr\/wp-json\/wp\/v2\/users\/1"}],"replies":[{"embeddable":true,"href":"https:\/\/www.maine-anjou.de\/fr\/wp-json\/wp\/v2\/comments?post=12049"}],"version-history":[{"count":3,"href":"https:\/\/www.maine-anjou.de\/fr\/wp-json\/wp\/v2\/pages\/12049\/revisions"}],"predecessor-version":[{"id":14622,"href":"https:\/\/www.maine-anjou.de\/fr\/wp-json\/wp\/v2\/pages\/12049\/revisions\/14622"}],"wp:attachment":[{"href":"https:\/\/www.maine-anjou.de\/fr\/wp-json\/wp\/v2\/media?parent=12049"}],"curies":[{"name":"wp","href":"https:\/\/api.w.org\/{rel}","templated":true}]}}