{"id":12041,"date":"2015-01-21T14:13:18","date_gmt":"2015-01-21T13:13:18","guid":{"rendered":"http:\/\/www.maine-anjou.de\/?page_id=12041"},"modified":"2020-03-25T13:44:05","modified_gmt":"2020-03-25T12:44:05","slug":"plan-di-site","status":"publish","type":"page","link":"https:\/\/www.maine-anjou.de\/fr\/plan-di-site.html","title":{"rendered":"Plan di Site"},"content":{"rendered":"\n<style type=\"text\/css\" data-created_by=\"avia_inline_auto\" id=\"style-css-av-av_heading-5d563da773435e525c65b30d80bb74f9\">\n#top .av-special-heading.av-av_heading-5d563da773435e525c65b30d80bb74f9{\npadding-bottom:10px;\n}\nbody .av-special-heading.av-av_heading-5d563da773435e525c65b30d80bb74f9 .av-special-heading-tag .heading-char{\nfont-size:25px;\n}\n.av-special-heading.av-av_heading-5d563da773435e525c65b30d80bb74f9 .av-subheading{\nfont-size:15px;\n}\n<\/style>\n<div  class='av-special-heading av-av_heading-5d563da773435e525c65b30d80bb74f9 av-special-heading-h2  avia-builder-el-0  el_before_av_one_half  avia-builder-el-first '><h2 class='av-special-heading-tag'  itemprop=\"headline\"  >Plan di Site<\/h2><div class=\"special-heading-border\"><div class=\"special-heading-inner-border\"><\/div><\/div><\/div>\n\n<style type=\"text\/css\" data-created_by=\"avia_inline_auto\" id=\"style-css-av-av_one_half-6126cab7d8fab8d08143dd2dacdf673c\">\n.flex_column.av-av_one_half-6126cab7d8fab8d08143dd2dacdf673c{\nborder-radius:0px 0px 0px 0px;\npadding:0px 0px 0px 0px;\n}\n<\/style>\n<div  class='flex_column av-av_one_half-6126cab7d8fab8d08143dd2dacdf673c av_one_half  avia-builder-el-1  el_after_av_heading  el_before_av_one_half  first flex_column_div av-zero-column-padding  '     ><section  class='av_textblock_section av-k87bknga-a1a61d0cffe609ab9a0077a4b4ffc44e '   itemscope=\"itemscope\" itemtype=\"https:\/\/schema.org\/CreativeWork\" ><div class='avia_textblock'  itemprop=\"text\" >\n<!-- Page-list plugin v.5.9 wordpress.org\/plugins\/page-list\/ -->\n<ul class=\"page-list \">\n<li class=\"page_item page-item-1641 page_item_has_children\"><a href=\"https:\/\/www.maine-anjou.de\/fr\">Maine-Anjou Verband Deutschland e.V.<\/a>\n<ul class='children'>\n\t<li class=\"page_item page-item-11972\"><a href=\"https:\/\/www.maine-anjou.de\/fr\/maine-anjou\/race-maine-anjou.html\">Race Maine-Anjou<\/a><\/li>\n<\/ul>\n<\/li>\n<li class=\"page_item page-item-13971\"><a href=\"https:\/\/www.maine-anjou.de\/fr\/avantages-du-maine-anjou-du-point-de-vue-des-eleveurs.html\">Avantages du Maine-Anjou &#8211; du point de vue des \u00e9leveurs<\/a><\/li>\n<li class=\"page_item page-item-11976\"><a href=\"https:\/\/www.maine-anjou.de\/fr\/actualite.html\">Actualit\u00e9<\/a><\/li>\n<li class=\"page_item page-item-11980\"><a href=\"https:\/\/www.maine-anjou.de\/fr\/agenda.html\">Agenda<\/a><\/li>\n<li class=\"page_item page-item-11992 page_item_has_children\"><a href=\"https:\/\/www.maine-anjou.de\/fr\/association-2.html\">Association<\/a>\n<ul class='children'>\n\t<li class=\"page_item page-item-12356\"><a href=\"https:\/\/www.maine-anjou.de\/fr\/association-2\/membres-de-lassociation.html\">Membres de l&rsquo;Association<\/a><\/li>\n\t<li class=\"page_item page-item-11996\"><a href=\"https:\/\/www.maine-anjou.de\/fr\/association-2\/directoire.html\">Directoire<\/a><\/li>\n\t<li class=\"page_item page-item-12000\"><a href=\"https:\/\/www.maine-anjou.de\/fr\/association-2\/statut.html\">Statut<\/a><\/li>\n\t<li class=\"page_item page-item-12004\"><a href=\"https:\/\/www.maine-anjou.de\/fr\/association-2\/adhesion.html\">Adh\u00e9sion<\/a><\/li>\n\t<li class=\"page_item page-item-12008 page_item_has_children\"><a href=\"https:\/\/www.maine-anjou.de\/fr\/association-2\/domaine-interne.html\">Domaine interne<\/a>\n\t<ul class='children'>\n\t\t<li class=\"page_item page-item-12012\"><a href=\"https:\/\/www.maine-anjou.de\/fr\/association-2\/domaine-interne\/les-protocoles.html\">Les protocoles<\/a><\/li>\n\t<\/ul>\n<\/li>\n<\/ul>\n<\/li>\n<li class=\"page_item page-item-11984 page_item_has_children\"><a href=\"https:\/\/www.maine-anjou.de\/fr\/galerie-photo.html\">Galerie photo<\/a>\n<ul class='children'>\n\t<li class=\"page_item page-item-11988\"><a href=\"https:\/\/www.maine-anjou.de\/fr\/galerie-photo\/image-upload.html\">Image Upload<\/a><\/li>\n<\/ul>\n<\/li>\n<li class=\"page_item page-item-12016 page_item_has_children\"><a href=\"https:\/\/www.maine-anjou.de\/fr\/offres-de-vente.html\">Offres de vente<\/a>\n<ul class='children'>\n\t<li class=\"page_item page-item-12020\"><a href=\"https:\/\/www.maine-anjou.de\/fr\/offres-de-vente\/annonce-commande.html\">Annonce Commande<\/a><\/li>\n<\/ul>\n<\/li>\n<li class=\"page_item page-item-12024\"><a href=\"https:\/\/www.maine-anjou.de\/fr\/contact.html\">Nous contacter<\/a><\/li>\n<li class=\"page_item page-item-12029\"><a href=\"https:\/\/www.maine-anjou.de\/fr\/hyperliens.html\">Hyperliens<\/a><\/li>\n<li class=\"page_item page-item-12033\"><a href=\"https:\/\/www.maine-anjou.de\/fr\/mentions-legales.html\">Mentions l\u00e9gales<\/a><\/li>\n<li class=\"page_item page-item-12037\"><a href=\"https:\/\/www.maine-anjou.de\/fr\/declaration-de-confidentialite.html\">D\u00e9claration de confidentialit\u00e9<\/a><\/li>\n<li class=\"page_item page-item-12041\"><a href=\"https:\/\/www.maine-anjou.de\/fr\/plan-di-site.html\">Plan di Site<\/a><\/li>\n\n<\/ul>\n<\/div><\/section><\/div>\n<style type=\"text\/css\" data-created_by=\"avia_inline_auto\" id=\"style-css-av-av_one_half-0aa7055fe62c3622faec82866afbaeb2\">\n.flex_column.av-av_one_half-0aa7055fe62c3622faec82866afbaeb2{\nborder-radius:0px 0px 0px 0px;\npadding:0px 0px 0px 0px;\n}\n<\/style>\n<div  class='flex_column av-av_one_half-0aa7055fe62c3622faec82866afbaeb2 av_one_half  avia-builder-el-3  el_after_av_one_half  avia-builder-el-last  flex_column_div av-zero-column-padding  '     ><section  class='av_textblock_section av-av_textblock-396ddf1f42196ca838231e61a4602801 '   itemscope=\"itemscope\" itemtype=\"https:\/\/schema.org\/CreativeWork\" ><div class='avia_textblock'  itemprop=\"text\" ><ul class=\"lcp_catlist\" id=\"lcp_instance_0\"><li><a href=\"https:\/\/www.maine-anjou.de\/fr\/2024\/07\/15\/13eme-assemblee-generale-avec-visite-dentreprise-a-steinfurt\">13\u00e8me Assembl\u00e9e G\u00e9n\u00e9rale avec visite d&rsquo;entreprise \u00e0 Steinfurt<\/a><\/li><li><a href=\"https:\/\/www.maine-anjou.de\/fr\/2022\/04\/05\/stationspruefung-des-maine-anjou-bullen-ben\">Stationspr\u00fcfung des Maine-Anjou Bullen BEN<\/a><\/li><li><a href=\"https:\/\/www.maine-anjou.de\/fr\/2020\/03\/09\/rapport-dans-le-fleischrinderjournal-01-2020\">Rapport dans le Fleischrinderjournal 01-2020<\/a><\/li><li><a href=\"https:\/\/www.maine-anjou.de\/fr\/2019\/10\/02\/8eme-assemblee-generale-et-visite-de-lexploitation-a-calembourg\">8\u00e8me Assembl\u00e9e G\u00e9n\u00e9rale et visite de l\u2019exploitation \u00e0 Calembourg<\/a><\/li><li><a href=\"https:\/\/www.maine-anjou.de\/fr\/2019\/08\/19\/top-ranking-in-the-top-list-not-rzf-cows\">Top ranking in the top list Not RZF cows<\/a><\/li><li><a href=\"https:\/\/www.maine-anjou.de\/fr\/2018\/07\/27\/7eme-assemblee-generale-et-visite-de-lexploitation-a-hennef\">7\u00e8me Assembl\u00e9e G\u00e9n\u00e9rale et visite de l\u2019exploitation \u00e0 Hennef<\/a><\/li><li><a href=\"https:\/\/www.maine-anjou.de\/fr\/2018\/02\/07\/invitation-a-la-decouverte-du-troupeau-maine-anjou-et-assemblee-generale\">Invitation \u00e0 la d\u00e9couverte du troupeau Maine-Anjou et Assembl\u00e9e g\u00e9n\u00e9rale<\/a><\/li><li><a href=\"https:\/\/www.maine-anjou.de\/fr\/2017\/07\/13\/raport-6-maine-anjou-assemblee-generales-2017\">Raport 6. Maine-Anjou Assembl\u00e9e g\u00e9n\u00e9rales 2017<\/a><\/li><li><a href=\"https:\/\/www.maine-anjou.de\/fr\/2017\/03\/02\/invitation-a-la-decouverte-du-troupeau-maine-anjou\">Invitation \u00e0 la d\u00e9couverte du troupeau Maine-Anjou<\/a><\/li><li><a href=\"https:\/\/www.maine-anjou.de\/fr\/2017\/02\/07\/un-voyage-en-bretagne\">Un voyage en Bretagne<\/a><\/li><\/ul>\n<\/div><\/section><\/div><\/p>\n","protected":false},"excerpt":{"rendered":"","protected":false},"author":1,"featured_media":0,"parent":0,"menu_order":14,"comment_status":"closed","ping_status":"closed","template":"","meta":{"footnotes":""},"class_list":["post-12041","page","type-page","status-publish","hentry"],"_links":{"self":[{"href":"https:\/\/www.maine-anjou.de\/fr\/wp-json\/wp\/v2\/pages\/12041","targetHints":{"allow":["GET"]}}],"collection":[{"href":"https:\/\/www.maine-anjou.de\/fr\/wp-json\/wp\/v2\/pages"}],"about":[{"href":"https:\/\/www.maine-anjou.de\/fr\/wp-json\/wp\/v2\/types\/page"}],"author":[{"embeddable":true,"href":"https:\/\/www.maine-anjou.de\/fr\/wp-json\/wp\/v2\/users\/1"}],"replies":[{"embeddable":true,"href":"https:\/\/www.maine-anjou.de\/fr\/wp-json\/wp\/v2\/comments?post=12041"}],"version-history":[{"count":3,"href":"https:\/\/www.maine-anjou.de\/fr\/wp-json\/wp\/v2\/pages\/12041\/revisions"}],"predecessor-version":[{"id":14623,"href":"https:\/\/www.maine-anjou.de\/fr\/wp-json\/wp\/v2\/pages\/12041\/revisions\/14623"}],"wp:attachment":[{"href":"https:\/\/www.maine-anjou.de\/fr\/wp-json\/wp\/v2\/media?parent=12041"}],"curies":[{"name":"wp","href":"https:\/\/api.w.org\/{rel}","templated":true}]}}