{"id":12024,"date":"2015-01-21T14:08:03","date_gmt":"2015-01-21T13:08:03","guid":{"rendered":"http:\/\/www.maine-anjou.de\/?page_id=12024"},"modified":"2020-02-25T18:25:29","modified_gmt":"2020-02-25T17:25:29","slug":"contact","status":"publish","type":"page","link":"https:\/\/www.maine-anjou.de\/fr\/contact.html","title":{"rendered":"Nous contacter"},"content":{"rendered":"\n<style type=\"text\/css\" data-created_by=\"avia_inline_auto\" id=\"style-css-av-av_heading-637a3bc8da5d946ace9dd51a96634d1d\">\n#top .av-special-heading.av-av_heading-637a3bc8da5d946ace9dd51a96634d1d{\npadding-bottom:30px;\n}\nbody .av-special-heading.av-av_heading-637a3bc8da5d946ace9dd51a96634d1d .av-special-heading-tag .heading-char{\nfont-size:25px;\n}\n.av-special-heading.av-av_heading-637a3bc8da5d946ace9dd51a96634d1d .av-subheading{\nfont-size:15px;\n}\n<\/style>\n<div  class='av-special-heading av-av_heading-637a3bc8da5d946ace9dd51a96634d1d av-special-heading-h2  avia-builder-el-0  el_before_av_contact  avia-builder-el-first '><h2 class='av-special-heading-tag'  itemprop=\"headline\"  >Nous contacter par E-mail<\/h2><div class=\"special-heading-border\"><div class=\"special-heading-inner-border\"><\/div><\/div><\/div>\n<form action=\"https:\/\/www.maine-anjou.de\/fr\/contact.html\" method=\"post\" data-fields-with-error=\"Found errors in the following field(s):\" class=\"avia_ajax_form av-form-labels-visible   avia-builder-el-1  el_after_av_heading  avia-builder-el-last   \" data-avia-form-id=\"1\" data-avia-redirect='' ><fieldset><p class='  first_form  form_element form_element_half' id='element_avia_1_1'><label for=\"avia_1_1\">Votre Pr\u00e9nom et Nom: <abbr class=\"required\" title=\"requis\">*<\/abbr><\/label> <input name=\"avia_1_1\" class=\"text_input is_empty\" type=\"text\" id=\"avia_1_1\" value=\"\" \/><\/p><p class='  form_element form_element_half' id='element_avia_2_1'><label for=\"avia_2_1\">Code postal + Ville: <abbr class=\"required\" title=\"requis\">*<\/abbr><\/label> <input name=\"avia_2_1\" class=\"text_input is_empty\" type=\"text\" id=\"avia_2_1\" value=\"\" \/><\/p><p class='  first_form  form_element form_element_half' id='element_avia_3_1'><label for=\"avia_3_1\">T\u00e9l\u00e9phone: (en option)<\/label> <input name=\"avia_3_1\" class=\"text_input \" type=\"text\" id=\"avia_3_1\" value=\"\" \/><\/p><p class='  form_element form_element_half' id='element_avia_4_1'><label for=\"avia_4_1\">E-mail:  <abbr class=\"required\" title=\"requis\">*<\/abbr><\/label> <input name=\"avia_4_1\" class=\"text_input is_email\" type=\"text\" id=\"avia_4_1\" value=\"\" \/><\/p><p class='  first_form  form_element form_element_half' id='element_avia_5_1'><label for=\"avia_5_1\">Sujet: <abbr class=\"required\" title=\"requis\">*<\/abbr><\/label><select  name=\"avia_5_1\" class=\"select is_empty\" id=\"avia_5_1\"><option   value='S\u2019 il vous pla\u00eet s\u00e9lectionnez'>S\u2019 il vous pla\u00eet s\u00e9lectionnez<\/option><option   value='Message'>Message<\/option><option   value='Adh\u00e9sion'>Adh\u00e9sion<\/option><\/select><\/p><p class='  form_element form_element_half' id='element_avia_6_1'><label for=\"avia_6_1\">Veuillez me contacter par: <abbr class=\"required\" title=\"requis\">*<\/abbr><\/label><select  name=\"avia_6_1\" class=\"select is_empty\" id=\"avia_6_1\"><option   value='S\u2019 il vous pla\u00eet s\u00e9lectionnez'>S\u2019 il vous pla\u00eet s\u00e9lectionnez<\/option><option   value='T\u00e9l\u00e9phone'>T\u00e9l\u00e9phone<\/option><option   value='Par E-mail'>Par E-mail<\/option><\/select><\/p><p class='  first_form  form_element form_fullwidth' id='element_avia_7_1'><label for=\"avia_7_1\" class=\"textare_label hidden textare_label_avia_7_1\">Votre Message:<\/label><textarea  name=\"avia_7_1\" class=\"text_area \" cols=\"40\" rows=\"7\" id=\"avia_7_1\" ><\/textarea><\/p><p class='  first_form  form_element form_fullwidth' id='element_avia_8_1'><input  name=\"avia_8_1\" class=\"input_checkbox is_empty\" type=\"checkbox\" id=\"avia_8_1\" value=\"true\"\/><label class=\"input_checkbox_label\" for=\"avia_8_1\">En soumettant ce formulaire, je consens \u00e0 la collecte et l\u2019utilisation de mes donn\u00e9es personnelles. Ce consentement peut \u00eatre r\u00e9voqu\u00e9 \u00e0 tout moment. Voir nos <a href=\"https:\/\/www.maine-anjou.de\/fr\/declaration-de-confidentialite.html\">D\u00e9claration de confidentialit\u00e9<\/a>. <abbr class=\"required\" title=\"requis\">*<\/abbr><\/label><\/p><p class=\"hidden\"><input type=\"text\" name=\"avia_9_1\" class=\"hidden \" id=\"avia_9_1\" value=\"\" \/><\/p><div id='avia_10_1' class='av-recaptcha-area  first_form  form_element form_fullwidth '  data-container_class=\"\" data-custom_class=\"\" data-context=\"av_contact_form\" data-token_input=\"av_recaptcha_token\" data-version=\"avia_recaptcha_v2\" data-theme=\"light\" data-size=\"normal\" data-score=\"0.5\" data-text_to_preview=\"\" data-value=\"\"><div class=\"av-google-badge-message hidden\">This site is protected by reCAPTCHA and the Google <a href=\"https:\/\/policies.google.com\/privacy\">Privacy Policy<\/a> and <a href=\"https:\/\/policies.google.com\/terms\">Terms of Service<\/a> apply.<\/div><\/div><p class=\"form_element \"><input type=\"hidden\" value=\"1\" name=\"avia_generated_form1\" \/><input type=\"submit\" value=\"Envoyer\" class=\"button\"  data-sending-label=\"Envoi\"\/><\/p><\/fieldset><div class=\"avia-disabled-form\">This contact form is deactivated because you refused to accept Google reCaptcha service which is necessary to validate any messages sent by the form.<\/div><\/form><div id=\"ajaxresponse_1\" class=\"ajaxresponse ajaxresponse_1 hidden\"><\/div>\n","protected":false},"excerpt":{"rendered":"","protected":false},"author":1,"featured_media":0,"parent":0,"menu_order":9,"comment_status":"closed","ping_status":"open","template":"","meta":{"footnotes":""},"class_list":["post-12024","page","type-page","status-publish","hentry"],"_links":{"self":[{"href":"https:\/\/www.maine-anjou.de\/fr\/wp-json\/wp\/v2\/pages\/12024","targetHints":{"allow":["GET"]}}],"collection":[{"href":"https:\/\/www.maine-anjou.de\/fr\/wp-json\/wp\/v2\/pages"}],"about":[{"href":"https:\/\/www.maine-anjou.de\/fr\/wp-json\/wp\/v2\/types\/page"}],"author":[{"embeddable":true,"href":"https:\/\/www.maine-anjou.de\/fr\/wp-json\/wp\/v2\/users\/1"}],"replies":[{"embeddable":true,"href":"https:\/\/www.maine-anjou.de\/fr\/wp-json\/wp\/v2\/comments?post=12024"}],"version-history":[{"count":3,"href":"https:\/\/www.maine-anjou.de\/fr\/wp-json\/wp\/v2\/pages\/12024\/revisions"}],"predecessor-version":[{"id":14584,"href":"https:\/\/www.maine-anjou.de\/fr\/wp-json\/wp\/v2\/pages\/12024\/revisions\/14584"}],"wp:attachment":[{"href":"https:\/\/www.maine-anjou.de\/fr\/wp-json\/wp\/v2\/media?parent=12024"}],"curies":[{"name":"wp","href":"https:\/\/api.w.org\/{rel}","templated":true}]}}