{"id":12016,"date":"2015-01-21T14:05:47","date_gmt":"2015-01-21T13:05:47","guid":{"rendered":"http:\/\/www.maine-anjou.de\/?page_id=12016"},"modified":"2015-06-24T14:51:00","modified_gmt":"2015-06-24T12:51:00","slug":"offres-de-vente","status":"publish","type":"page","link":"https:\/\/www.maine-anjou.de\/fr\/offres-de-vente.html","title":{"rendered":"Offres de vente"},"content":{"rendered":"\n<style type=\"text\/css\" data-created_by=\"avia_inline_auto\" id=\"style-css-av-av_heading-d2cd66ed4a3b82a83fbd53649f68ff4c\">\n#top .av-special-heading.av-av_heading-d2cd66ed4a3b82a83fbd53649f68ff4c{\npadding-bottom:10px;\n}\nbody .av-special-heading.av-av_heading-d2cd66ed4a3b82a83fbd53649f68ff4c .av-special-heading-tag .heading-char{\nfont-size:25px;\n}\n.av-special-heading.av-av_heading-d2cd66ed4a3b82a83fbd53649f68ff4c .av-subheading{\nfont-size:15px;\n}\n<\/style>\n<div  class='av-special-heading av-av_heading-d2cd66ed4a3b82a83fbd53649f68ff4c av-special-heading-h2  avia-builder-el-0  el_before_av_textblock  avia-builder-el-first '><h2 class='av-special-heading-tag'  itemprop=\"headline\"  >Offres de vente Maine-Anjou<\/h2><div class=\"special-heading-border\"><div class=\"special-heading-inner-border\"><\/div><\/div><\/div>\n<section  class='av_textblock_section av-av_textblock-0366cc7376be6c9e82a3e9cc8987b64f '   itemscope=\"itemscope\" itemtype=\"https:\/\/schema.org\/CreativeWork\" ><div class='avia_textblock'  itemprop=\"text\" ><h3>Annonces (r\u00e9serv\u00e9 aux membres)<\/h3>\n\n<table id=\"tablepress-9\" class=\"tablepress tablepress-id-9\">\n<thead>\n<tr class=\"row-1\">\n\t<th class=\"column-1\">Date<\/th><th class=\"column-2\">Nr.<\/th><th class=\"column-3\">Texte de l\u2019annonce<\/th><th class=\"column-4\">Image <\/th><th class=\"column-5\">Donn\u00e9es contact<\/th>\n<\/tr>\n<\/thead>\n<tbody class=\"row-hover\">\n<tr class=\"row-2\">\n\t<td class=\"column-1\">24.06.2015<\/td><td class=\"column-2\">105<\/td><td class=\"column-3\">Porcelet sevr\u00e9 Maine-Anjou <br \/>\nDate de naissance: 26.02.2015<br \/>\nGrand-P\u00e8re: Ugolin<br \/>\nLa facilit\u00e9 de v\u00ealage du P\u00e8re<br \/>\n\u00e0 vendre \u00e0 partir de Ao\u00fbt 2015<br \/>\n<br \/>\nPrix: The Negotiator<br \/>\n<br \/>\n<br \/>\n<\/td><td class=\"column-4\">\n<style type=\"text\/css\" data-created_by=\"avia_inline_auto\" id=\"style-css-av-av_image-5ee0a45f6d0ea984195eb2902889df7b\">\n.avia-image-container.av-av_image-5ee0a45f6d0ea984195eb2902889df7b img.avia_image{\nbox-shadow:none;\n}\n.avia-image-container.av-av_image-5ee0a45f6d0ea984195eb2902889df7b .av-caption-image-overlay-bg{\nopacity:0.4;\nbackground-color:#444444;\n}\n.avia-image-container.av-av_image-5ee0a45f6d0ea984195eb2902889df7b .av-image-caption-overlay-center{\ncolor:#ffffff;\n}\n<\/style>\n<div  class='avia-image-container av-av_image-5ee0a45f6d0ea984195eb2902889df7b av-styling- av-img-linked avia-align-center noHover av-overlay-on-hover'   itemprop=\"image\" itemscope=\"itemscope\" itemtype=\"https:\/\/schema.org\/ImageObject\" ><div class=\"avia-image-container-inner\"><div class=\"avia-image-overlay-wrap\"><a href=\"https:\/\/www.maine-anjou.de\/ma\/assets\/2015\/06\/absetzer-maine-anjou.jpg\" class='avia_image '  aria-label='Porcelet sevr\u00e9 Maine-Anjou  - Ferme Wiesmann, Detmold'><div class=\"av-image-caption-overlay\"><div class=\"av-caption-image-overlay-bg\"><\/div><div class=\"av-image-caption-overlay-position\"><div class=\"av-image-caption-overlay-center\"><p>Porcelet sevr\u00e9 Maine-Anjou<\/p>\n<\/div><\/div><\/div><img class='avia_image ' src='https:\/\/www.maine-anjou.de\/ma\/assets\/2015\/06\/absetzer-maine-anjou-180x180.jpg' alt='Porcelet sevr\u00e9 Maine-Anjou - Ferme Wiesmann, Detmold' title='Porcelet sevr\u00e9 Maine-Anjou  - Ferme Wiesmann, Detmold'  height=\"180\" width=\"180\"  itemprop=\"thumbnailUrl\"  \/><\/a><\/div><\/div><\/div><\/td><td class=\"column-5\">Ferme Wiesmann<br \/>\nThomas Wiesmann<br \/>\nSch\u00f6nemarker Weg 40<br \/>\nD-32760 Detmold<br \/>\n<br \/>\nT\u00e9l\u00e9phone: 05231 \/ 58 02 01<br \/>\nMobil: 0171 \/ 86 06 990<\/td>\n<\/tr>\n<\/tbody>\n<\/table>\n<!-- #tablepress-9 from cache -->\n<\/div><\/section>\n","protected":false},"excerpt":{"rendered":"","protected":false},"author":1,"featured_media":0,"parent":0,"menu_order":7,"comment_status":"closed","ping_status":"open","template":"","meta":{"footnotes":""},"class_list":["post-12016","page","type-page","status-publish","hentry"],"_links":{"self":[{"href":"https:\/\/www.maine-anjou.de\/fr\/wp-json\/wp\/v2\/pages\/12016","targetHints":{"allow":["GET"]}}],"collection":[{"href":"https:\/\/www.maine-anjou.de\/fr\/wp-json\/wp\/v2\/pages"}],"about":[{"href":"https:\/\/www.maine-anjou.de\/fr\/wp-json\/wp\/v2\/types\/page"}],"author":[{"embeddable":true,"href":"https:\/\/www.maine-anjou.de\/fr\/wp-json\/wp\/v2\/users\/1"}],"replies":[{"embeddable":true,"href":"https:\/\/www.maine-anjou.de\/fr\/wp-json\/wp\/v2\/comments?post=12016"}],"version-history":[{"count":3,"href":"https:\/\/www.maine-anjou.de\/fr\/wp-json\/wp\/v2\/pages\/12016\/revisions"}],"predecessor-version":[{"id":12473,"href":"https:\/\/www.maine-anjou.de\/fr\/wp-json\/wp\/v2\/pages\/12016\/revisions\/12473"}],"wp:attachment":[{"href":"https:\/\/www.maine-anjou.de\/fr\/wp-json\/wp\/v2\/media?parent=12016"}],"curies":[{"name":"wp","href":"https:\/\/api.w.org\/{rel}","templated":true}]}}