{"id":11988,"date":"2015-01-21T13:55:08","date_gmt":"2015-01-21T12:55:08","guid":{"rendered":"http:\/\/www.maine-anjou.de\/?page_id=11988"},"modified":"2015-01-25T19:09:08","modified_gmt":"2015-01-25T18:09:08","slug":"image-upload","status":"publish","type":"page","link":"https:\/\/www.maine-anjou.de\/fr\/galerie-photo\/image-upload.html","title":{"rendered":"Image Upload"},"content":{"rendered":"\n<style type=\"text\/css\" data-created_by=\"avia_inline_auto\" id=\"style-css-av-av_heading-7d891c3c37e08ca2cb8eb1f0ccd6e832\">\n#top .av-special-heading.av-av_heading-7d891c3c37e08ca2cb8eb1f0ccd6e832{\npadding-bottom:10px;\n}\nbody .av-special-heading.av-av_heading-7d891c3c37e08ca2cb8eb1f0ccd6e832 .av-special-heading-tag .heading-char{\nfont-size:25px;\n}\n.av-special-heading.av-av_heading-7d891c3c37e08ca2cb8eb1f0ccd6e832 .av-subheading{\nfont-size:15px;\n}\n<\/style>\n<div  class='av-special-heading av-av_heading-7d891c3c37e08ca2cb8eb1f0ccd6e832 av-special-heading-h2  avia-builder-el-0  el_before_av_textblock  avia-builder-el-first '><h2 class='av-special-heading-tag'  itemprop=\"headline\"  >Photos des r\u00e9ussites d\u2019\u00e9levage Maine-Anjou<\/h2><div class=\"special-heading-border\"><div class=\"special-heading-inner-border\"><\/div><\/div><\/div>\n<section  class='av_textblock_section av-av_textblock-0366cc7376be6c9e82a3e9cc8987b64f '   itemscope=\"itemscope\" itemtype=\"https:\/\/schema.org\/CreativeWork\" ><div class='avia_textblock'  itemprop=\"text\" ><p>Nous allons peu \u00e0 peu constituer ici une banque d\u2019images refl\u00e9tant nos <strong>r\u00e9ussites d\u2019\u00e9levage Maine-Anjou<\/strong>. Toutes les photos peuvent \u00eatre agrandies au format original en cliquant dessus avec le curseur.<\/p>\n<p>Si vous \u00eates membre et que vous souhaitez partager vos photos, vous pouvez les t\u00e9l\u00e9charger via l\u2019upload ci-dessous. Apr\u00e8s v\u00e9rification par le comit\u00e9 directeur, vos photos seront mises en ligne.<\/p>\n<p>Veuillez compl\u00e9ter enti\u00e8rement le formulaire de t\u00e9l\u00e9chargement, afin que les photos soient pr\u00e9sent\u00e9es dans la galerie correspondante.<\/p>\n<p>Bonne chance pour l\u2019\u00e9levage de <strong>la race bovine Maine-Anjou<\/strong>.<\/p>\n<p>Votre comit\u00e9 directeur<\/p>\n<h3>T\u00e9l\u00e9chargement<\/h3>\n\n<div class=\"wpcf7 no-js\" id=\"wpcf7-f12211-o1\" lang=\"fr-FR\" dir=\"ltr\" data-wpcf7-id=\"12211\">\n<div class=\"screen-reader-response\"><p role=\"status\" aria-live=\"polite\" aria-atomic=\"true\"><\/p> <ul><\/ul><\/div>\n<form action=\"\/fr\/wp-json\/wp\/v2\/pages\/11988#wpcf7-f12211-o1\" method=\"post\" class=\"wpcf7-form init\" aria-label=\"Formulaire de contact\" enctype=\"multipart\/form-data\" novalidate=\"novalidate\" data-status=\"init\">\n<fieldset class=\"hidden-fields-container\"><input type=\"hidden\" name=\"_wpcf7\" value=\"12211\" \/><input type=\"hidden\" name=\"_wpcf7_version\" value=\"6.1.5\" \/><input type=\"hidden\" name=\"_wpcf7_locale\" value=\"fr_FR\" \/><input type=\"hidden\" name=\"_wpcf7_unit_tag\" value=\"wpcf7-f12211-o1\" \/><input type=\"hidden\" name=\"_wpcf7_container_post\" value=\"0\" \/><input type=\"hidden\" name=\"_wpcf7_posted_data_hash\" value=\"\" \/><input type=\"hidden\" name=\"_wpcf7_recaptcha_response\" value=\"\" \/>\n<\/fieldset>\n<p>Pr\u00e9nom, nom: (champ obligatoire)\n<\/p>\n<p><span class=\"wpcf7-form-control-wrap\" data-name=\"your-name\"><input size=\"40\" maxlength=\"400\" class=\"wpcf7-form-control wpcf7-text wpcf7-validates-as-required\" aria-required=\"true\" aria-invalid=\"false\" value=\"\" type=\"text\" name=\"your-name\" \/><\/span>\n<\/p>\n<p>Adresse E-Mail: (champ obligatoire)\n<\/p>\n<p><span class=\"wpcf7-form-control-wrap\" data-name=\"your-email\"><input size=\"40\" maxlength=\"400\" class=\"wpcf7-form-control wpcf7-email wpcf7-validates-as-required wpcf7-text wpcf7-validates-as-email\" aria-required=\"true\" aria-invalid=\"false\" value=\"\" type=\"email\" name=\"your-email\" \/><\/span>\n<\/p>\n<p>Upload photos: (champ obligatoire) &bull; types de fichiers autoris\u00e9s: doc,pdf,gif,jpg,jpeg,png &bull; taille limite du fichier: 2 MB\n<\/p>\n<p><span class=\"wpcf7-form-control-wrap\" data-name=\"bilderupload\"><input size=\"40\" class=\"wpcf7-form-control wpcf7-file wpcf7-validates-as-required\" accept=\".jpg,.png,.jpeg,.gif\" aria-required=\"true\" aria-invalid=\"false\" type=\"file\" name=\"bilderupload\" \/><\/span>\n<\/p>\n<p>J\u2019accepte le transfert des droits d\u2019image \u00e0 l\u2019Association Maine-Anjou Allemagne pour une publication unique sur le site internet de l\u2019Association Maine-Anjou Allemagne.\n<\/p>\n<p><span class=\"wpcf7-form-control-wrap\" data-name=\"rechte-zustimmung\"><span class=\"wpcf7-form-control wpcf7-acceptance\"><span class=\"wpcf7-list-item\"><input type=\"checkbox\" name=\"rechte-zustimmung\" value=\"1\" checked=\"checked\" aria-invalid=\"false\" \/><\/span><\/span><\/span>\n<\/p>\n<p>Textes photos: (en option)\n<\/p>\n<p><span class=\"wpcf7-form-control-wrap\" data-name=\"bildtexte\"><textarea cols=\"40\" rows=\"10\" maxlength=\"2000\" class=\"wpcf7-form-control wpcf7-textarea\" aria-invalid=\"false\" name=\"bildtexte\"><\/textarea><\/span>\n<\/p>\n\n<p><input class=\"wpcf7-form-control wpcf7-submit has-spinner\" type=\"submit\" value=\"Envoyer des images\" \/>\n<\/p><div class=\"wpcf7-response-output\" aria-hidden=\"true\"><\/div>\n<\/form>\n<\/div>\n\n<\/div><\/section>\n","protected":false},"excerpt":{"rendered":"","protected":false},"author":1,"featured_media":0,"parent":11984,"menu_order":1,"comment_status":"closed","ping_status":"open","template":"","meta":{"footnotes":""},"class_list":["post-11988","page","type-page","status-publish","hentry"],"_links":{"self":[{"href":"https:\/\/www.maine-anjou.de\/fr\/wp-json\/wp\/v2\/pages\/11988","targetHints":{"allow":["GET"]}}],"collection":[{"href":"https:\/\/www.maine-anjou.de\/fr\/wp-json\/wp\/v2\/pages"}],"about":[{"href":"https:\/\/www.maine-anjou.de\/fr\/wp-json\/wp\/v2\/types\/page"}],"author":[{"embeddable":true,"href":"https:\/\/www.maine-anjou.de\/fr\/wp-json\/wp\/v2\/users\/1"}],"replies":[{"embeddable":true,"href":"https:\/\/www.maine-anjou.de\/fr\/wp-json\/wp\/v2\/comments?post=11988"}],"version-history":[{"count":3,"href":"https:\/\/www.maine-anjou.de\/fr\/wp-json\/wp\/v2\/pages\/11988\/revisions"}],"predecessor-version":[{"id":12282,"href":"https:\/\/www.maine-anjou.de\/fr\/wp-json\/wp\/v2\/pages\/11988\/revisions\/12282"}],"up":[{"embeddable":true,"href":"https:\/\/www.maine-anjou.de\/fr\/wp-json\/wp\/v2\/pages\/11984"}],"wp:attachment":[{"href":"https:\/\/www.maine-anjou.de\/fr\/wp-json\/wp\/v2\/media?parent=11988"}],"curies":[{"name":"wp","href":"https:\/\/api.w.org\/{rel}","templated":true}]}}