{"id":11980,"date":"2015-01-21T13:53:09","date_gmt":"2015-01-21T12:53:09","guid":{"rendered":"http:\/\/www.maine-anjou.de\/?page_id=11980"},"modified":"2023-04-23T12:59:44","modified_gmt":"2023-04-23T10:59:44","slug":"agenda","status":"publish","type":"page","link":"https:\/\/www.maine-anjou.de\/fr\/agenda.html","title":{"rendered":"Agenda"},"content":{"rendered":"\n<style type=\"text\/css\" data-created_by=\"avia_inline_auto\" id=\"style-css-av-av_heading-9034dc1cebf4c03b1c8cf185e94fda81\">\n#top .av-special-heading.av-av_heading-9034dc1cebf4c03b1c8cf185e94fda81{\npadding-bottom:10px;\n}\nbody .av-special-heading.av-av_heading-9034dc1cebf4c03b1c8cf185e94fda81 .av-special-heading-tag .heading-char{\nfont-size:25px;\n}\n.av-special-heading.av-av_heading-9034dc1cebf4c03b1c8cf185e94fda81 .av-subheading{\nfont-size:15px;\n}\n<\/style>\n<div  class='av-special-heading av-av_heading-9034dc1cebf4c03b1c8cf185e94fda81 av-special-heading-h2  avia-builder-el-0  el_before_av_textblock  avia-builder-el-first '><h2 class='av-special-heading-tag'  itemprop=\"headline\"  >Agenda<\/h2><div class=\"special-heading-border\"><div class=\"special-heading-inner-border\"><\/div><\/div><\/div>\n<section  class='av_textblock_section av-lgtakw89-563d50a208fc75749b29b98bff6b95bc '   itemscope=\"itemscope\" itemtype=\"https:\/\/schema.org\/CreativeWork\" ><div class='avia_textblock'  itemprop=\"text\" ><div class=\"dp_pec_calendar_default dp_pec_calendar_upcoming pec_skin_light\" id=\"dp_pec_id1122545633\"><div class=\"dp_pec_wrapper pec_skin_light dp_pec_calendar_2\"><div style=\"clear:both;\"><\/div><div class=\"dp_pec_content\"><div class=\"dp_pec_date_event dp_pec_date_eventsearch dp_pec_isotope dp_pec_date_event_wrap dp_pec_columns_1\"><p class=\"dp_pec_event_no_events\">Aucun \u00e9v\u00e9nements pass\u00e9s ont \u00e9t\u00e9 trouv\u00e9s.<\/p><\/div><\/div><\/div><\/div>\n<\/div><\/section>\n","protected":false},"excerpt":{"rendered":"","protected":false},"author":1,"featured_media":0,"parent":0,"menu_order":4,"comment_status":"closed","ping_status":"closed","template":"","meta":{"footnotes":""},"class_list":["post-11980","page","type-page","status-publish","hentry"],"_links":{"self":[{"href":"https:\/\/www.maine-anjou.de\/fr\/wp-json\/wp\/v2\/pages\/11980","targetHints":{"allow":["GET"]}}],"collection":[{"href":"https:\/\/www.maine-anjou.de\/fr\/wp-json\/wp\/v2\/pages"}],"about":[{"href":"https:\/\/www.maine-anjou.de\/fr\/wp-json\/wp\/v2\/types\/page"}],"author":[{"embeddable":true,"href":"https:\/\/www.maine-anjou.de\/fr\/wp-json\/wp\/v2\/users\/1"}],"replies":[{"embeddable":true,"href":"https:\/\/www.maine-anjou.de\/fr\/wp-json\/wp\/v2\/comments?post=11980"}],"version-history":[{"count":3,"href":"https:\/\/www.maine-anjou.de\/fr\/wp-json\/wp\/v2\/pages\/11980\/revisions"}],"predecessor-version":[{"id":15144,"href":"https:\/\/www.maine-anjou.de\/fr\/wp-json\/wp\/v2\/pages\/11980\/revisions\/15144"}],"wp:attachment":[{"href":"https:\/\/www.maine-anjou.de\/fr\/wp-json\/wp\/v2\/media?parent=11980"}],"curies":[{"name":"wp","href":"https:\/\/api.w.org\/{rel}","templated":true}]}}