{"id":11972,"date":"2015-01-21T13:49:51","date_gmt":"2015-01-21T12:49:51","guid":{"rendered":"http:\/\/www.maine-anjou.de\/?page_id=11972"},"modified":"2017-03-21T10:40:40","modified_gmt":"2017-03-21T09:40:40","slug":"race-maine-anjou","status":"publish","type":"page","link":"https:\/\/www.maine-anjou.de\/fr\/maine-anjou\/race-maine-anjou.html","title":{"rendered":"Race Maine-Anjou"},"content":{"rendered":"\n<style type=\"text\/css\" data-created_by=\"avia_inline_auto\" id=\"style-css-av-av_heading-2c7a103682d10c58cd4646a98d150fd8\">\n#top .av-special-heading.av-av_heading-2c7a103682d10c58cd4646a98d150fd8{\npadding-bottom:10px;\n}\nbody .av-special-heading.av-av_heading-2c7a103682d10c58cd4646a98d150fd8 .av-special-heading-tag .heading-char{\nfont-size:25px;\n}\n.av-special-heading.av-av_heading-2c7a103682d10c58cd4646a98d150fd8 .av-subheading{\nfont-size:15px;\n}\n<\/style>\n<div  class='av-special-heading av-av_heading-2c7a103682d10c58cd4646a98d150fd8 av-special-heading-h2  avia-builder-el-0  el_before_av_tab_container  avia-builder-el-first '><h2 class='av-special-heading-tag'  itemprop=\"headline\"  >La race bovine Maine-Anjou (Rouge des Pr\u00e9s)<\/h2><div class=\"special-heading-border\"><div class=\"special-heading-inner-border\"><\/div><\/div><\/div>\n<div  class='tabcontainer av-av_tab_container-0bacd910096d11a3cec6dfb538798966 top_tab  avia-builder-el-1  el_after_av_heading  avia-builder-el-last ' role='tablist'>\n<section class='av_tab_section av_tab_section av-av_tab-1110cb8a72d695090bb68a7a3406a3b7'  itemscope=\"itemscope\" itemtype=\"https:\/\/schema.org\/CreativeWork\" ><div class='tab active_tab' role='tab' tabindex='0' data-fake-id='#tab-id-1' aria-controls='tab-id-1-content'  itemprop=\"headline\" >Origine<\/div><div id='tab-id-1-content' class='tab_content active_tab_content' aria-hidden=\"false\"><div class='tab_inner_content invers-color'  itemprop=\"text\" ><p><div  class='flex_column av-av_one_half-2a9015ff38129c418a3f2eafba3e9512 av_one_half  avia-builder-el-2  el_before_av_one_half  avia-builder-el-first  first flex_column_div  '     ><style type=\"text\/css\" data-created_by=\"avia_inline_auto\" id=\"style-css-av-av_image-b6c6f474a22090f07ffa74547e0cfaff\">\n.avia-image-container.av-av_image-b6c6f474a22090f07ffa74547e0cfaff img.avia_image{\nbox-shadow:none;\n}\n.avia-image-container.av-av_image-b6c6f474a22090f07ffa74547e0cfaff .av-caption-image-overlay-bg{\nopacity:0.4;\nbackground-color:#444444;\n}\n.avia-image-container.av-av_image-b6c6f474a22090f07ffa74547e0cfaff .av-image-caption-overlay-center{\ncolor:#ffffff;\n}\n<\/style>\n<div  class='avia-image-container av-av_image-b6c6f474a22090f07ffa74547e0cfaff av-styling- av-img-linked avia_animated_image av-animated-when-visible-95 top-to-bottom avia-align-center  avia-builder-el-3  avia-builder-el-no-sibling  noHover av-overlay-on-hover'   itemprop=\"image\" itemscope=\"itemscope\" itemtype=\"https:\/\/schema.org\/ImageObject\" ><div class=\"avia-image-container-inner\"><div class=\"avia-image-overlay-wrap\"><a href=\"https:\/\/www.maine-anjou.de\/ma\/assets\/2015\/01\/pays-de-la-loire1.jpg\" class='avia_image '  aria-label='R\u00e9gion pays de la loire'><div class=\"av-image-caption-overlay\"><div class=\"av-caption-image-overlay-bg\"><\/div><div class=\"av-image-caption-overlay-position\"><div class=\"av-image-caption-overlay-center\"><p>R\u00e9gion pays de la loire<\/p>\n<\/div><\/div><\/div><img class='avia_image ' src='https:\/\/www.maine-anjou.de\/ma\/assets\/2015\/01\/pays-de-la-loire1-495x400.jpg' alt='' title='R\u00e9gion pays de la loire'  height=\"400\" width=\"495\"  itemprop=\"thumbnailUrl\"  \/><\/a><\/div><\/div><\/div><\/div><div  class='flex_column av-av_one_half-09206fc011e099c844f27d8d21bd085e av_one_half  avia-builder-el-4  el_after_av_one_half  el_before_av_one_half  flex_column_div  '     ><p>La vache<strong> Maine-Anjou<\/strong> est originaire de la province fran\u00e7aise historique d\u2019Anjou (Pays de la Loire), situ\u00e9e en basse-Loire, au sud-ouest de Paris. Sa capitale Angers est situ\u00e9e entre la c\u00e9l\u00e8bre ville du Mans (sport automobile) et la m\u00e9tropole de Nantes \u00e0 l\u2019embouchure de la Loire dans l\u2019Atlantique.<\/p>\n<p>C\u2019est dans cette r\u00e9gion au climat particuli\u00e8rement privil\u00e9gi\u00e9 que se trouve le berceau de l\u2019\u00e9levage de <strong>la race bovine Maine-Anjou<\/strong>, \u00e9galement appel\u00e9e \u00ab\u00a0Rouge des Pr\u00e9s\u00a0\u00bb. <\/p><\/div><\/p>\n<div class=\"clearboth\"><\/div>\n<p>Actuellement, l\u2019\u00e9levage de vaches <strong>Maine-Anjou<\/strong> en Allemagne se concentre sur des exploitations se trouvant: dans la r\u00e9gion de B\u00fcren en Rh\u00e9nanie-du-Nord-Westphalie, dans la commune de Bad W\u00fcnnenberg et dans la commune de Busdorf situ\u00e9e en plein coeur du pays viking en Schleswig-Holstein.<\/p>\n<\/div><\/div><\/section>\n<section class='av_tab_section av_tab_section av-av_tab-ae46f0e2d46a331dbec274cc113d2dd2'  itemscope=\"itemscope\" itemtype=\"https:\/\/schema.org\/CreativeWork\" ><div class='tab' role='tab' tabindex='0' data-fake-id='#tab-id-2' aria-controls='tab-id-2-content'  itemprop=\"headline\" >Crit\u00e8res de race<\/div><div id='tab-id-2-content' class='tab_content' aria-hidden=\"true\"><div class='tab_inner_content invers-color'  itemprop=\"text\" ><p><div  class='flex_column av-av_one_half-2a9015ff38129c418a3f2eafba3e9512 av_one_half  avia-builder-el-5  el_after_av_one_half  el_before_av_one_half  first flex_column_div  column-top-margin'     ><style type=\"text\/css\" data-created_by=\"avia_inline_auto\" id=\"style-css-av-av_image-88362bf09917a349f3c5378f6ffb2e79\">\n.avia-image-container.av-av_image-88362bf09917a349f3c5378f6ffb2e79 img.avia_image{\nbox-shadow:none;\n}\n.avia-image-container.av-av_image-88362bf09917a349f3c5378f6ffb2e79 .av-caption-image-overlay-bg{\nopacity:0.4;\nbackground-color:#444444;\n}\n.avia-image-container.av-av_image-88362bf09917a349f3c5378f6ffb2e79 .av-image-caption-overlay-center{\ncolor:#ffffff;\n}\n<\/style>\n<div  class='avia-image-container av-av_image-88362bf09917a349f3c5378f6ffb2e79 av-styling- av-img-linked avia_animated_image av-animated-when-visible-95 top-to-bottom avia-align-center  avia-builder-el-6  avia-builder-el-no-sibling  noHover av-overlay-on-hover'   itemprop=\"image\" itemscope=\"itemscope\" itemtype=\"https:\/\/schema.org\/ImageObject\" ><div class=\"avia-image-container-inner\"><div class=\"avia-image-overlay-wrap\"><a href=\"https:\/\/www.maine-anjou.de\/ma\/assets\/2012\/11\/maine-anjou-kopf.jpg\" class='avia_image '  aria-label='Maine-Anjou Farbe'><div class=\"av-image-caption-overlay\"><div class=\"av-caption-image-overlay-bg\"><\/div><div class=\"av-image-caption-overlay-position\"><div class=\"av-image-caption-overlay-center\"><p>T\u00eate rouge avec une tache blanche en forme de coeur<\/p>\n<\/div><\/div><\/div><img class='avia_image ' src='https:\/\/www.maine-anjou.de\/ma\/assets\/2012\/11\/maine-anjou-kopf-495x400.jpg' alt='' title='Maine-Anjou Farbe'  height=\"400\" width=\"495\"  itemprop=\"thumbnailUrl\"  \/><\/a><\/div><\/div><\/div><\/div><div  class='flex_column av-av_one_half-09206fc011e099c844f27d8d21bd085e av_one_half  avia-builder-el-7  el_after_av_one_half  el_before_av_one_half  flex_column_div  column-top-margin'     ><h4>Couleur<\/h4>\n<p>La vache <strong>Maine-Anjou<\/strong> est pie rouge avec une tache blanche au niveau du front, du ventre, des pattes arri\u00e8re et de la queue. Le bout des extr\u00e9mit\u00e9s est blanc. Une b\u00eate \u00e0 t\u00eate rouge avec une tache blanche en forme de coeur est un exemplaire recherch\u00e9. Les vaches Maine-Anjou peuvent \u00e9galement \u00eatre de couleur \u00ab\u00a0Rouan\u00a0\u00bb (pr\u00e9sence de points blancs). <\/p><\/div><\/p>\n<div class=\"clearboth\"><\/div>\n<div  class='flex_column av-av_one_half-2a9015ff38129c418a3f2eafba3e9512 av_one_half  avia-builder-el-8  el_after_av_one_half  el_before_av_one_half  first flex_column_div  column-top-margin'     ><h4>Morphologie<\/h4>\n<p>La vache <strong>Maine-Anjou<\/strong> doit \u00eatre de moyen \u00e0 grand format avec un poids en os important dans les membres ant\u00e9rieurs et post\u00e9rieurs. Elle a les \u00e9paules et le bassin larges ainsi qu\u2019un dos solide, longiligne et large dot\u00e9 d\u2019une ligne sup\u00e9rieure ferme.<\/p>\n<p>Les autres sp\u00e9cificit\u00e9s de la vache Maine-Anjou sont une d\u00e9marche fluide \u00e0 base moyenne, des cornes moyennes et claires arqu\u00e9es vers l\u2019avant (chez les exemplaires non-\u00e9corn\u00e9s) ainsi que des pis g\u00e9n\u00e9reux pour l\u2019\u00e9levage de veaux sous la m\u00e8re.<\/p><\/div><div  class='flex_column av-av_one_half-09206fc011e099c844f27d8d21bd085e av_one_half  avia-builder-el-9  el_after_av_one_half  el_before_av_one_half  flex_column_div  column-top-margin'     ><style type=\"text\/css\" data-created_by=\"avia_inline_auto\" id=\"style-css-av-av_image-c514d1d39ee979c9f213fac850407330\">\n.avia-image-container.av-av_image-c514d1d39ee979c9f213fac850407330 img.avia_image{\nbox-shadow:none;\n}\n.avia-image-container.av-av_image-c514d1d39ee979c9f213fac850407330 .av-caption-image-overlay-bg{\nopacity:0.4;\nbackground-color:#444444;\n}\n.avia-image-container.av-av_image-c514d1d39ee979c9f213fac850407330 .av-image-caption-overlay-center{\ncolor:#ffffff;\n}\n<\/style>\n<div  class='avia-image-container av-av_image-c514d1d39ee979c9f213fac850407330 av-styling- av-img-linked avia_animated_image av-animated-when-visible-95 right-to-left avia-align-center  avia-builder-el-10  avia-builder-el-no-sibling  noHover av-overlay-on-hover'   itemprop=\"image\" itemscope=\"itemscope\" itemtype=\"https:\/\/schema.org\/ImageObject\" ><div class=\"avia-image-container-inner\"><div class=\"avia-image-overlay-wrap\"><a href=\"https:\/\/www.maine-anjou.de\/ma\/assets\/2012\/11\/maine-anjou-koerperbau.jpg\" class='avia_image '  aria-label='Maine-Anjou K\u00f6rperbau'><div class=\"av-image-caption-overlay\"><div class=\"av-caption-image-overlay-bg\"><\/div><div class=\"av-image-caption-overlay-position\"><div class=\"av-image-caption-overlay-center\"><p>Maine-Anjou vache grand format<\/p>\n<\/div><\/div><\/div><img class='avia_image ' src='https:\/\/www.maine-anjou.de\/ma\/assets\/2012\/11\/maine-anjou-koerperbau-495x400.jpg' alt='' title='Maine-Anjou K\u00f6rperbau'  height=\"400\" width=\"495\"  itemprop=\"thumbnailUrl\"  \/><\/a><\/div><\/div><\/div><\/div><\/p>\n<div class=\"clearboth\"><\/div>\n<p>La vache Maine-Anjou est d\u2019un caract\u00e8re calme et d\u00e9bonnaire. Elle dispose d\u2019une facilit\u00e9 de v\u00ealage avec un poids de naissance important, de bonnes qualit\u00e9s maternelles et donne beaucoup de lait. De plus elle est facile \u00e0 \u00e9lever (croissance rapide).<\/p>\n<p>Les <strong>r\u00e9f\u00e9rences<\/strong> ci-dessous sont impressionnantes et montrent les tr\u00e8s bonnes qualit\u00e9s d\u2019\u00e9levage.<\/p>\n<div  class='flex_column av-av_one_half-2a9015ff38129c418a3f2eafba3e9512 av_one_half  avia-builder-el-11  el_after_av_one_half  el_before_av_one_half  first flex_column_div  column-top-margin'     ><table>\n<tbody>\n<tr>\n<td><strong>Hauteur de sacrum vaches:<\/strong><\/td>\n<td><strong>environ 146 cm<\/strong><\/td>\n<\/tr>\n<tr>\n<td><strong>Poids vaches:<\/strong><\/td>\n<td><strong>environ 800 kg<\/strong><\/td>\n<\/tr>\n<tr>\n<td><strong>Hauteur de sacrum taureaux:<\/strong><\/td>\n<td><strong>environ 156 cm<\/strong><\/td>\n<\/tr>\n<tr>\n<td><strong>Poids taureaux:<\/strong><\/td>\n<td><strong>environ 1.250 kg<\/strong><\/td>\n<\/tr>\n<tr>\n<td><strong>Poids de naissance:<\/strong><\/td>\n<td><strong>48 &#8211; 54 kg<\/strong><\/td>\n<\/tr>\n<tr>\n<td><strong>Croissance journali\u00e8re:<\/strong><\/td>\n<td><strong>de 1.000 \u00e0 1.200 g<\/strong><\/td>\n<\/tr>\n<tr>\n<td><strong>\u00e2ge du premier v\u00ealage:<\/strong><\/td>\n<td><strong>28 \u00e0 32 mois<\/strong><\/td>\n<\/tr>\n<tr>\n<td><strong>Intervalle entre les v\u00ealages:<\/strong><\/td>\n<td><strong>de 376 \u00e0 384 jours<\/strong><\/td>\n<\/tr>\n<\/tbody>\n<\/table><\/div><div  class='flex_column av-av_one_half-09206fc011e099c844f27d8d21bd085e av_one_half  avia-builder-el-12  el_after_av_one_half  el_before_av_one_half  flex_column_div  column-top-margin'     ><style type=\"text\/css\" data-created_by=\"avia_inline_auto\" id=\"style-css-av-av_image-2d9440cb671366d20d8a171a716b9a81\">\n.avia-image-container.av-av_image-2d9440cb671366d20d8a171a716b9a81 img.avia_image{\nbox-shadow:none;\n}\n.avia-image-container.av-av_image-2d9440cb671366d20d8a171a716b9a81 .av-image-caption-overlay-center{\ncolor:#ffffff;\n}\n<\/style>\n<div  class='avia-image-container av-av_image-2d9440cb671366d20d8a171a716b9a81 av-styling- avia-align-center  avia-builder-el-13  avia-builder-el-no-sibling '   itemprop=\"image\" itemscope=\"itemscope\" itemtype=\"https:\/\/schema.org\/ImageObject\" ><div class=\"avia-image-container-inner\"><div class=\"avia-image-overlay-wrap\"><img class='avia_image ' src='https:\/\/www.maine-anjou.de\/ma\/assets\/2012\/11\/maine-anjou-bulle.jpg' alt='' title='Maine Anjou Bulle'  height=\"318\" width=\"378\"  itemprop=\"thumbnailUrl\"  \/><\/div><\/div><\/div><\/div><\/p>\n<\/div><\/div><\/section>\n<section class='av_tab_section av_tab_section av-av_tab-a0b5f6b40d796fe4754ccd4b512a07d3'  itemscope=\"itemscope\" itemtype=\"https:\/\/schema.org\/CreativeWork\" ><div class='tab' role='tab' tabindex='0' data-fake-id='#tab-id-3' aria-controls='tab-id-3-content'  itemprop=\"headline\" >\u00c9levage<\/div><div id='tab-id-3-content' class='tab_content' aria-hidden=\"true\"><div class='tab_inner_content invers-color'  itemprop=\"text\" ><h4>Objectifs de l\u2019\u00e9levage de Maine-Anjou<\/h4>\n<p>La couleur fix\u00e9e par les crit\u00e8res de race doit \u00eatre respect\u00e9e. Une forte pigmentation des muqueuses apparentes ainsi que des taches noires ou grises ne peut pas atteindre une note de type de plus de 4 lors de l\u2019\u00e9valuation ext\u00e9rieure.<\/p>\n<p>La physiologie requise correspondant \u00e0 la description de la race est \u00e0 prendre en compte lors de l\u2019\u00e9valuation ext\u00e9rieure. L\u2019\u00e9valuation de la constitution est la m\u00eame que les b\u00eates soient corn\u00e9es, \u00e9corn\u00e9es au g\u00e9n\u00e9tiquement sans cornes.<\/p>\n<p>Les vache Maine-Anjou doivent faire preuve d\u2019une bonne performance d\u2019\u00e9levage incluant les crit\u00e8res suivants:<\/p>\n<ul>\n<li>des naissances r\u00e9guli\u00e8res de veaux n\u00e9s vivants<\/li>\n<li>un bon rendement en lait<\/li>\n<li>un bon instinct maternel<\/li>\n<\/ul>\n<p><div  class='flex_column av-av_one_half-2a9015ff38129c418a3f2eafba3e9512 av_one_half  avia-builder-el-14  el_after_av_one_half  el_before_av_one_half  first flex_column_div  column-top-margin'     ><style type=\"text\/css\" data-created_by=\"avia_inline_auto\" id=\"style-css-av-av_image-ca1ba3ed7c9fc0cea9e37e27c54f2e37\">\n.avia-image-container.av-av_image-ca1ba3ed7c9fc0cea9e37e27c54f2e37 img.avia_image{\nbox-shadow:none;\n}\n.avia-image-container.av-av_image-ca1ba3ed7c9fc0cea9e37e27c54f2e37 .av-caption-image-overlay-bg{\nopacity:0.4;\nbackground-color:#444444;\n}\n.avia-image-container.av-av_image-ca1ba3ed7c9fc0cea9e37e27c54f2e37 .av-image-caption-overlay-center{\ncolor:#ffffff;\n}\n<\/style>\n<div  class='avia-image-container av-av_image-ca1ba3ed7c9fc0cea9e37e27c54f2e37 av-styling- av-img-linked avia_animated_image av-animated-when-visible-95 left-to-right avia-align-center  avia-builder-el-15  avia-builder-el-no-sibling  noHover av-overlay-on-hover'   itemprop=\"image\" itemscope=\"itemscope\" itemtype=\"https:\/\/schema.org\/ImageObject\" ><div class=\"avia-image-container-inner\"><div class=\"avia-image-overlay-wrap\"><a href=\"https:\/\/www.maine-anjou.de\/ma\/assets\/2012\/11\/maine-anjou-kalb-stehend.jpg\" class='avia_image '  aria-label='Maine-Anjou Kalb'><div class=\"av-image-caption-overlay\"><div class=\"av-caption-image-overlay-bg\"><\/div><div class=\"av-image-caption-overlay-position\"><div class=\"av-image-caption-overlay-center\"><p>Maine-Anjou Taureau<\/p>\n<\/div><\/div><\/div><img class='avia_image ' src='https:\/\/www.maine-anjou.de\/ma\/assets\/2012\/11\/maine-anjou-kalb-stehend-495x400.jpg' alt='' title='Maine-Anjou Kalb'  height=\"400\" width=\"495\"  itemprop=\"thumbnailUrl\"  \/><\/a><\/div><\/div><\/div><\/div><div  class='flex_column av-av_one_half-09206fc011e099c844f27d8d21bd085e av_one_half  avia-builder-el-16  el_after_av_one_half  avia-builder-el-last  flex_column_div  column-top-margin'     ><style type=\"text\/css\" data-created_by=\"avia_inline_auto\" id=\"style-css-av-av_image-a676fa758009628bf3c203d9065872e7\">\n.avia-image-container.av-av_image-a676fa758009628bf3c203d9065872e7 img.avia_image{\nbox-shadow:none;\n}\n.avia-image-container.av-av_image-a676fa758009628bf3c203d9065872e7 .av-caption-image-overlay-bg{\nopacity:0.4;\nbackground-color:#444444;\n}\n.avia-image-container.av-av_image-a676fa758009628bf3c203d9065872e7 .av-image-caption-overlay-center{\ncolor:#ffffff;\n}\n<\/style>\n<div  class='avia-image-container av-av_image-a676fa758009628bf3c203d9065872e7 av-styling- av-img-linked avia_animated_image av-animated-when-visible-95 right-to-left avia-align-center  avia-builder-el-17  avia-builder-el-no-sibling  noHover av-overlay-on-hover'   itemprop=\"image\" itemscope=\"itemscope\" itemtype=\"https:\/\/schema.org\/ImageObject\" ><div class=\"avia-image-container-inner\"><div class=\"avia-image-overlay-wrap\"><a href=\"https:\/\/www.maine-anjou.de\/ma\/assets\/2012\/11\/maine-anjou-kalb-laufend.jpg\" class='avia_image '  aria-label='Maine-Anjou Kalb'><div class=\"av-image-caption-overlay\"><div class=\"av-caption-image-overlay-bg\"><\/div><div class=\"av-image-caption-overlay-position\"><div class=\"av-image-caption-overlay-center\"><p>Maine-Anjou Veau<\/p>\n<\/div><\/div><\/div><img class='avia_image ' src='https:\/\/www.maine-anjou.de\/ma\/assets\/2012\/11\/maine-anjou-kalb-laufend-495x400.jpg' alt='' title='Maine-Anjou Kalb'  height=\"400\" width=\"495\"  itemprop=\"thumbnailUrl\"  \/><\/a><\/div><\/div><\/div><\/div><\/p>\n<\/div><\/div><\/section>\n<\/div>\n","protected":false},"excerpt":{"rendered":"","protected":false},"author":1,"featured_media":0,"parent":1641,"menu_order":1,"comment_status":"closed","ping_status":"closed","template":"","meta":{"footnotes":""},"class_list":["post-11972","page","type-page","status-publish","hentry"],"_links":{"self":[{"href":"https:\/\/www.maine-anjou.de\/fr\/wp-json\/wp\/v2\/pages\/11972","targetHints":{"allow":["GET"]}}],"collection":[{"href":"https:\/\/www.maine-anjou.de\/fr\/wp-json\/wp\/v2\/pages"}],"about":[{"href":"https:\/\/www.maine-anjou.de\/fr\/wp-json\/wp\/v2\/types\/page"}],"author":[{"embeddable":true,"href":"https:\/\/www.maine-anjou.de\/fr\/wp-json\/wp\/v2\/users\/1"}],"replies":[{"embeddable":true,"href":"https:\/\/www.maine-anjou.de\/fr\/wp-json\/wp\/v2\/comments?post=11972"}],"version-history":[{"count":3,"href":"https:\/\/www.maine-anjou.de\/fr\/wp-json\/wp\/v2\/pages\/11972\/revisions"}],"predecessor-version":[{"id":12178,"href":"https:\/\/www.maine-anjou.de\/fr\/wp-json\/wp\/v2\/pages\/11972\/revisions\/12178"}],"up":[{"embeddable":true,"href":"https:\/\/www.maine-anjou.de\/fr\/wp-json\/wp\/v2\/pages\/1641"}],"wp:attachment":[{"href":"https:\/\/www.maine-anjou.de\/fr\/wp-json\/wp\/v2\/media?parent=11972"}],"curies":[{"name":"wp","href":"https:\/\/api.w.org\/{rel}","templated":true}]}}