{"id":13969,"date":"2018-11-29T18:45:57","date_gmt":"2018-11-29T17:45:57","guid":{"rendered":"https:\/\/www.maine-anjou.de\/?page_id=13969"},"modified":"2018-11-29T18:53:56","modified_gmt":"2018-11-29T17:53:56","slug":"benefits-of-maine-anjou-from-a-breeders-point-of-view","status":"publish","type":"page","link":"https:\/\/www.maine-anjou.de\/en\/benefits-of-maine-anjou-from-a-breeders-point-of-view.html","title":{"rendered":"Benefits of Maine-Anjou &#8211; from a breeders point of view"},"content":{"rendered":"<div id='full_slider_1'  class='avia-fullwidth-slider main_color avia-shadow   avia-builder-el-0  el_before_av_textblock  avia-builder-el-first   container_wrap sidebar_right'  ><div  class='avia-slideshow av-2t8euxb-2e06f83d1169be89461e50020b6272d6 avia-slideshow-no scaling av_slideshow_full avia-fade-slider av-slideshow-ui av-control-default av-slideshow-manual av-loop-once av-loop-manual-endless av-default-height-applied   avia-slideshow-1' data-slideshow-options=\"{&quot;animation&quot;:&quot;fade&quot;,&quot;autoplay&quot;:false,&quot;loop_autoplay&quot;:&quot;once&quot;,&quot;interval&quot;:5,&quot;loop_manual&quot;:&quot;manual-endless&quot;,&quot;autoplay_stopper&quot;:false,&quot;noNavigation&quot;:false,&quot;bg_slider&quot;:false,&quot;keep_padding&quot;:false,&quot;hoverpause&quot;:false,&quot;show_slide_delay&quot;:0}\"  itemprop=\"image\" itemscope=\"itemscope\" itemtype=\"https:\/\/schema.org\/ImageObject\" ><ul class='avia-slideshow-inner ' style='padding-bottom: 31.25%;'><li  class='avia-slideshow-slide av-2t8euxb-2e06f83d1169be89461e50020b6272d6__0  av-single-slide slide-1 slide-odd'><div data-rel='slideshow-1' class='avia-slide-wrap '   ><img src='https:\/\/www.maine-anjou.de\/ma\/assets\/2018\/11\/IMG_9851-header-1920-600.jpg' width='1920' height='600' title='IMG_9851-header-1920-600' alt=''  itemprop=\"thumbnailUrl\"   \/><\/div><\/li><\/ul><\/div><\/div><div id='after_full_slider_1'  class='main_color av_default_container_wrap container_wrap sidebar_right'  ><div class='container av-section-cont-open' ><div class='template-page content  av-content-small alpha units'><div class='post-entry post-entry-type-page post-entry-13969'><div class='entry-content-wrapper clearfix'>\n<section  class='av_textblock_section av-27q4mpb-9f5ebdb2412213a56c60c0e852fea2d9 '   itemscope=\"itemscope\" itemtype=\"https:\/\/schema.org\/CreativeWork\" ><div class='avia_textblock'  itemprop=\"text\" ><\/div><\/section>\n\n<style type=\"text\/css\" data-created_by=\"avia_inline_auto\" id=\"style-css-av-1hzsakv-aed3757d0c1920fc85c4ab57bae034d7\">\n.flex_column.av-1hzsakv-aed3757d0c1920fc85c4ab57bae034d7{\nborder-radius:0px 0px 0px 0px;\npadding:0px 0px 0px 0px;\n}\n<\/style>\n<div  class='flex_column av-1hzsakv-aed3757d0c1920fc85c4ab57bae034d7 av_one_full  avia-builder-el-2  el_after_av_textblock  avia-builder-el-last  first flex_column_div av-zero-column-padding  column-top-margin'     ><p>\n<style type=\"text\/css\" data-created_by=\"avia_inline_auto\" id=\"style-css-av-jp2w399g-81d1e1061d8fa11aec5bed2c76f8da05\">\n#top .av-special-heading.av-jp2w399g-81d1e1061d8fa11aec5bed2c76f8da05{\npadding-bottom:30px;\n}\nbody .av-special-heading.av-jp2w399g-81d1e1061d8fa11aec5bed2c76f8da05 .av-special-heading-tag .heading-char{\nfont-size:25px;\n}\n.av-special-heading.av-jp2w399g-81d1e1061d8fa11aec5bed2c76f8da05 .av-subheading{\nfont-size:15px;\n}\n<\/style>\n<div  class='av-special-heading av-jp2w399g-81d1e1061d8fa11aec5bed2c76f8da05 av-special-heading-h1 blockquote modern-quote  avia-builder-el-3  el_before_av_toggle_container  avia-builder-el-first '><h1 class='av-special-heading-tag'  itemprop=\"headline\"  >Vorteile der Maine-Anjou &#8211; aus Z\u00fcchtersicht<\/h1><div class='av-subheading av-subheading_below'><p>Alphabetisch sortiert<\/p>\n<\/div><div class=\"special-heading-border\"><div class=\"special-heading-inner-border\"><\/div><\/div><\/div><br \/>\n<div  class='togglecontainer av-iuk0xb-3bc492ccb9509025b9a3121694bd2592  avia-builder-el-4  el_after_av_heading  avia-builder-el-last  toggle_close_all' >\n<section class='av_toggle_section av-1h6umkv-59e42bee2091d571b2455a32643fc5ec'  itemscope=\"itemscope\" itemtype=\"https:\/\/schema.org\/CreativeWork\" ><div role=\"tablist\" class=\"single_toggle\" data-tags=\"{All} \"  ><p data-fake-id='#toggle-id-1' class='toggler   '  itemprop=\"headline\"  role='tab' tabindex='0' aria-controls='toggle-id-1'>Das w\u00e4ren meine Gr\u00fcnde f\u00fcr Maine-Anjou Rinder. Beitrag von Marcus Halft, Hennef <span class=\"toggle_icon\"><span class=\"vert_icon\"><\/span><span class=\"hor_icon\"><\/span><\/span><\/p><div id='toggle-id-1' class='toggle_wrap  '  ><div class='toggle_content invers-color '  itemprop=\"text\" ><p>Besonders fasziniert mich der au\u00dfergew\u00f6hnlich ausgeglichene, <strong>ruhige Charakter<\/strong> der Tiere. Den <strong>vertrauensvollen Umgang<\/strong> durch einen gewissen \u201eFamilienanschluss\u201c sind sie zwar gew\u00f6hnt, aber dennoch begeistern sie im Umgang immer wieder, wie problemlos man beispielsweise im Fressgitter Biestmilch abmelken oder das neugeborene Kalb anlegen kann. Hierzu muss h\u00f6chstens das entsprechende Hinterbein fixiert werden. Selbst bei Klauenpflege, Besamungen oder Tierarztbesuchen sticht dieser extrem umg\u00e4ngliche Charakter hervor.<\/p>\n<p>Rahmen, Masse, Tiefe, R\u00fcckenbreite, K\u00f6rperbau und Typ empfinde ich noch immer als sehr beeindruckend an dieser Rasse. Unser Tierarzt bezeichnet die ausgewachsenen K\u00fche hingegen immer wenig schmeichelhaft als \u201eElefanten\u201c. Schlachtgewichte von Altk\u00fchen von \u00fcber 500 kg sind keine Seltenheit. Dennoch ist die Leichtkalbigkeit selbst bei extremen K\u00e4lbergewichten von teilweise \u00fcber 70 kg, durch die rassetypische Beckenbreite des Zuchttyps, den wir bevorzugen, charakteristisch.<\/p>\n<ul>\n<li>Frohw\u00fcchsigkeit<\/li>\n<li>Leichtfuttrigkeit<\/li>\n<li>Langlebigkeit<\/li>\n<li>Robustheit<\/li>\n<li>Fruchtbarkeit<\/li>\n<li>M\u00fctterlichkeit<\/li>\n<li>Milchleistung<\/li>\n<li>und die sehr gute Fleischqualit\u00e4t sprechen in unseren Augen ebenfalls f\u00fcr diese Rasse.<\/li>\n<\/ul>\n<p>Von einem weiteren Merkmal geht f\u00fcr mich ebenfalls eine <strong>hohe Faszination<\/strong> aus. Dies ist wie bei den meisten unserer Tiere <strong>der rotbunte Farbschlag<\/strong>. Insbesondere im Sonnenlicht kontrastieren in der Scheckung die Farbt\u00f6ne Wei\u00df und Mahagoni- bis Fuchsrot beeindruckend. Jedes Neugeborene ist mit seiner individuellen Farbverteilung wieder eine \u00dcberraschung. Von einem idealen, symmetrischen, rassetypischen herzf\u00f6rmigen Stirnabzeichen geht nochmals ein besonderer Reiz aus.<\/p>\n<\/div><\/div><\/div><\/section>\n<section class='av_toggle_section av-1336b1r-275648f46278574ae6648c4b06f06cc1'  itemscope=\"itemscope\" itemtype=\"https:\/\/schema.org\/CreativeWork\" ><div role=\"tablist\" class=\"single_toggle\" data-tags=\"{All} \"  ><p data-fake-id='#toggle-id-2' class='toggler   '  itemprop=\"headline\"  role='tab' tabindex='0' aria-controls='toggle-id-2'>Warum fiel die Entscheidung f\u00fcr Maine-Anjou Rinder? Beitrag von Paul Janssen, Reimberg <span class=\"toggle_icon\"><span class=\"vert_icon\"><\/span><span class=\"hor_icon\"><\/span><\/span><\/p><div id='toggle-id-2' class='toggle_wrap  '  ><div class='toggle_content invers-color '  itemprop=\"text\" ><p><strong>Die Vorteile f\u00fcr den Z\u00fcchter:<\/strong><\/p>\n<ul>\n<li>Die Maine-Anjou sind eine sehr ruhige Rinderrasse<\/li>\n<li>Der Umgang mit den Tieren ist einfach<\/li>\n<li>Beim Kalben kann man das Kalb anfassen ohne mit der Mutter in Konflikt zu geraten<\/li>\n<li>K\u00fche und K\u00e4lber sind in der Herde friedlich zusammen<\/li>\n<li>Die Farbe Rotbunt ist meine Lieblingsfarbe bei Rindern<\/li>\n<\/ul>\n<p><strong>Vorteile f\u00fcr den Verbraucher:<\/strong><\/p>\n<ul>\n<li>Der Verbraucher hat mit Fleisch von Maione-Anjou Rindern ein zartes St\u00fcck auf dem Teller<\/li>\n<li>Die Ruhe und Gelassenheit der Tiere scfhl\u00e4gt sich positiv in der Fleischqualit\u00e4t nieder<\/li>\n<\/ul>\n<\/div><\/div><\/div><\/section>\n<section class='av_toggle_section av-2n5d8v-d7ad7faef05b164c9a425ca55f0028b5'  itemscope=\"itemscope\" itemtype=\"https:\/\/schema.org\/CreativeWork\" ><div role=\"tablist\" class=\"single_toggle\" data-tags=\"{All} \"  ><p data-fake-id='#toggle-id-3' class='toggler   '  itemprop=\"headline\"  role='tab' tabindex='0' aria-controls='toggle-id-3'>Warum gerade Maine-Anjou Rinder? Beitrag von Hans-Volkert Otzen, Busdorf <span class=\"toggle_icon\"><span class=\"vert_icon\"><\/span><span class=\"hor_icon\"><\/span><\/span><\/p><div id='toggle-id-3' class='toggle_wrap  '  ><div class='toggle_content invers-color '  itemprop=\"text\" ><p>Ich betreibe seit \u00fcber 33 Jahren einen landwirtschaftlichen Betrieb im Nebenerwerb, inzwischen als Biobetrieb. Dabei werden die Tiere im Sommer auf mehreren Weiden (auch extensiven) in kleinen Herden gehalten und im Winter stehen sie in 4 Boxen im Ofenstall verteilt.<br \/>\nDamals baute ich eine kleine Herde mit rotbunten Mutterk\u00fchen (Merkmal: gro\u00df, schwer, leichtf\u00fchrig, leichthaltbar und m\u00f6glichst viel dunkelrot) auf. Im Laufe der Zeit war aber erkennbar, dass das DN-Format (insbesondere auch bei den Bullen) zugunsten des HF-Einschlages immer mehr abnahm und geeignete DN Tiere am Markt kaum bzw. nicht verf\u00fcgbar waren.<br \/>\nDaher probierte ich im Laufe der Zeit einige anderen Rassen, ob Chairolais, ob Fleckvieh, ob Galloway u.a., aus.<\/p>\n<p>Nach ca. 25 Jahren des Herumprobierens fiel mir eine Anzeige von Antoine Hild und seinen Maine-Anjous auf. Bereits da gefiel mir insbesondere die <strong>dunkelrote Farbe und die Gr\u00f6\u00dfe der Tiere<\/strong>.<br \/>\nAls bald machte ich mich auf und stattete Antoine Hild in Frankreich eine Besuch ab und besichtigte seine Herde. Dabei gingen wir so einfach durch die Herde durch und ich bewunderte die Ruhe und die Gro\u00dfrahmigkeit zudem war ich angetan von der dunkelroten Farbe der Tiere. Kurze Zeit sp\u00e4ter standen dann die ersten 3 Maine-Anjou Tiere auf meinen Weiden.<br \/>\nSo konnte ich quasi wieder zu meinen Anf\u00e4ngen mit den Rotbunten zur\u00fcckkehren.<br \/>\nBesonders angetan war bzw. bin ich von:<\/p>\n<ul>\n<li>der dunkelroten fl\u00e4chigen Farbe<\/li>\n<li>dem wei\u00dfen Herzen auf der Stirn<\/li>\n<li>der enormen Gr\u00f6\u00dfe und K\u00f6rperf\u00fclle bzw. der Gra\u00dfrahmigkeit<\/li>\n<li>der Gutm\u00fctigkeit<\/li>\n<li>der Ruhe in der Herde, auch mit kleinen K\u00e4lbern und Deckbullen<\/li>\n<li>Au\u00dferdem wollte ich Tiere haben die nicht an jeder Ecke stehen bzw. zu sehen sind<\/li>\n<li>die einen \u00fcberschaubaren Markt haben<\/li>\n<li>deren Preise f\u00fcr Zuchttiere bezahlbar sind<\/li>\n<\/ul>\n<ul>\n<li>die es erm\u00f6glichen, dass ich ohne gr\u00f6\u00dfere Sicherheitsmechanismen bzw. -vorkehrungen \u00fcber die Fl\u00e4chen zwischen den Tieren herumgehen kann<\/li>\n<li>die im Sommer mit den eher extensiven Fl\u00e4chen zurechtkommen und sich dabei auch noch gut entwickeln und die K\u00e4lber sollen gute Tageszunahmen haben<\/li>\n<li>die im Winter im Ofenstall stehend das eigene Futter gut ausnutzen<\/li>\n<li>die keine Kraftfutterzugaben brauchen<\/li>\n<li>die viel Milch f\u00fcr die K\u00e4lber haben<\/li>\n<li>die K\u00e4lber sich sehr gut entwickeln<\/li>\n<li>die im Rahmen der Vermarktung der Schlachtk\u00e4lber ein hohes Gewicht und gute Ausschlachtergebnisse haben<\/li>\n<li>die im Rahmen der Vermarktung der Schlachtrinder ein hohes Gewicht und gute Ausschlachtergebnisse haben<\/li>\n<li>die sich auch konventionell zu vern\u00fcnftigen Preisen vermarkten lassen.<\/li>\n<\/ul>\n<p>Zusammenfassend l\u00e4\u00dft sich somit sagen: bei den Maine-Anjou Rindern habe ich gefunden was ich suchte bzw. die Maine-Anjou haben mich \u00fcberzeugt.<br \/>\nBusdorf, den 20.07.2018, HV. Otzen<\/p>\n<\/div><\/div><\/div><\/section>\n<section class='av_toggle_section av-1u0fzvz-8d4ffe0ef981ea936201bcab0288969d'  itemscope=\"itemscope\" itemtype=\"https:\/\/schema.org\/CreativeWork\" ><div role=\"tablist\" class=\"single_toggle\" data-tags=\"{All} \"  ><p data-fake-id='#toggle-id-4' class='toggler   '  itemprop=\"headline\"  role='tab' tabindex='0' aria-controls='toggle-id-4'>Warum ich ein Fan von Maine-Anjou Rindern bin. Ein Beitrag von Stefan Otzen, Busdorf <span class=\"toggle_icon\"><span class=\"vert_icon\"><\/span><span class=\"hor_icon\"><\/span><\/span><\/p><div id='toggle-id-4' class='toggle_wrap  '  ><div class='toggle_content invers-color '  itemprop=\"text\" ><p><strong>Meine Vorteilssicht<\/strong><\/p>\n<ul>\n<li>Ihre Kombination aus Gr\u00f6\u00dfe und sanfter Natur ist beeindruckend<\/li>\n<li>Das Arbeiten und der Umgang mit den Tieren ist dadurch einfach<\/li>\n<\/ul>\n<\/div><\/div><\/div><\/section>\n<section class='av_toggle_section av-1djbz1r-99ff49802a3498fd7f6caedc9f20fac0'  itemscope=\"itemscope\" itemtype=\"https:\/\/schema.org\/CreativeWork\" ><div role=\"tablist\" class=\"single_toggle\" data-tags=\"{All} \"  ><p data-fake-id='#toggle-id-5' class='toggler   '  itemprop=\"headline\"  role='tab' tabindex='0' aria-controls='toggle-id-5'>Warum wir Maine-Anjou Rinder halten. Beitrag von Matthias Reinecke, Welver <span class=\"toggle_icon\"><span class=\"vert_icon\"><\/span><span class=\"hor_icon\"><\/span><\/span><\/p><div id='toggle-id-5' class='toggle_wrap  '  ><div class='toggle_content invers-color '  itemprop=\"text\" ><ul>\n<li>Ruhiger Umgang der Tiere untereinander<\/li>\n<li>viel Milch f\u00fcr die K\u00e4lber<\/li>\n<li>ruhiges Verhalten in Stresssituationen wie zum Beispiel Geburt, Umtrieb auf der Weide, bei Tierarztbesuchen<\/li>\n<li>Rasse ist eine Besonderheit ( Seltenheitswert, &#8220;hat nicht jeder&#8221;)<\/li>\n<li>Extremer Wiedererkennungswert von Kalb und Mutterkuh. (durch meist identische Zeichnung von Kuh und Kalb)<\/li>\n<li>Lange Nutzungsdauer der K\u00fche<\/li>\n<li>extrem hohe Schlachtgewichte der Altk\u00fche<\/li>\n<\/ul>\n<p><strong>Nachteile<\/strong>: Brunsterkennung ohne Bulle ist nicht einfach, da die schweren K\u00fche nicht aufspringen.<br \/>\nDie Beschaffung eines blutsfremden Zuchtbullen durch die hohen Verwandtschaftsgrade in Deutschland ist erschwert<\/p>\n<\/div><\/div><\/div><\/section>\n<section class='av_toggle_section av-v1pcq7-6dd7ec104d2702022ec459a3273b4508'  itemscope=\"itemscope\" itemtype=\"https:\/\/schema.org\/CreativeWork\" ><div role=\"tablist\" class=\"single_toggle\" data-tags=\"{All} \"  ><p data-fake-id='#toggle-id-6' class='toggler   '  itemprop=\"headline\"  role='tab' tabindex='0' aria-controls='toggle-id-6'>Warum z\u00fcchten wir Maine-Anjou Rinder. Beitrag von Reinhard Weyand, Duisburg <span class=\"toggle_icon\"><span class=\"vert_icon\"><\/span><span class=\"hor_icon\"><\/span><\/span><\/p><div id='toggle-id-6' class='toggle_wrap  '  ><div class='toggle_content invers-color '  itemprop=\"text\" ><p>Die Zucht- und Produktionskriterien sind ein sehr wichtiges Kriterium. Das kennt jeder Produzent einer Ware. Nachfrage und Absatz auf dem Markt sind entscheidend. Daher mu\u00df man sich mit seinem Produkt von der Konkurrenz abgrenzen, dass hei\u00dft, Qualit\u00e4tskriterien die ein Alleinstellungsmerkmal haben bestimmen den Preis einer Ware.<\/p>\n<p>F\u00fcr uns Maine-Anjou Z\u00fcchter ist wichtig, dass wir den Z\u00fcchtern und Verbrauchern klar machen, welche Vorteile gerade unsere Rasse bietet.<\/p>\n<p><strong>Warum habe ich mich f\u00fcr die Rasse Main \u2013 Anjou entschieden<\/strong>:<br \/>\nDies lag urs\u00e4chlich schon lange zur\u00fcck in den 1970 \u2013 1990 er Jahren. Bei einem meiner j\u00e4hrlichen Besuch der SIMA Ausstellung in Paris fiel mir diese Rasse besonders auf. Mich beeindruckte ihre Gr\u00f6\u00dfe und Ruhe, sowie auch die rotbunte Farbe, die verglichen mit unseren deutschen Rotbunten, ins Auge fiel.<\/p>\n<p>Dann gab es eine \u201eDegustion\u201c ( Essprobe) auf dem Stand der Rasse. Im Hintergrund hingen in einem gl\u00e4sernen K\u00fchlhaus die riesigen Schlachth\u00e4lfen , die die Fleischqualit\u00e4t mit der entsprechenden Marmorierung zeigten. Der Genu\u00df eines Steaks \u2013 franz\u00f6sisch zubereitet &#8211; mit Baguett und mit einem ( kleinen) Glas Rotwein haben mich immer mit der Rasse lieb\u00e4ugeln lassen.<br \/>\nAber erst 2003 habe ich mir dann von Antoine Hild aus Laumesfeld (FR) 2 Muttertiere besorgt.<\/p>\n<p><strong>Meine Sicht auf die Vorteile der Maine-Anjou Rinder<\/strong><\/p>\n<ul>\n<li>Die Gr\u00f6\u00dfe, die Ruhe im Umgang, das mit den deutschen Rotbunten identische Aussehen haben mich dazu bewegt, diese Rasse zu w\u00e4hlen.<\/li>\n<li>Bei dieser Rasse mu\u00df ich keine Vorsichtsma\u00dfnahmen ergreifen, wenn ich die Weide betrete.<\/li>\n<li>Wenn Sie doch mal ausb\u00fcchsen, sind sie wieder leicht zu locken und einzufangen.<\/li>\n<li>Ein hiesiger Landwirt mit Mutterkuhhaltung ( Limousin ) hat Ferienwohnungen und f\u00fchrt Kindergeburtstage durch. Er geht mit den Kindern auf die Weide mit den Maine-Anjou zum Streicheln. Seine Limousinherde hat er verkauft und sich Gelbvieh aus S\u00fcddeutschland angeschafft. Maine-Anjou Rinder sind sehr umg\u00e4nglich und gutm\u00fctig.<\/li>\n<\/ul>\n<p><strong>Vorteile f\u00fcr den Verbraucher<\/strong>:<\/p>\n<p>Die Qualit\u00e4t eines Rindfleischst\u00fcckes wird durch das Alter ( 4-6 Jahre) und mindestens 4 Wochen abh\u00e4ngen lassen bestimmt.<br \/>\nDer Verbraucher legt heute besonders Wert auf die Haltung. Maine-Anjou werden nur in kleinen Best\u00e4nden gehalten.<br \/>\nWir Z\u00fcchter kennen jedes Tier beim Namen und kennen die nat\u00fcrliche Futtergrundlage.<\/p>\n<\/div><\/div><\/div><\/section>\n<\/div><\/p><\/div>\n<p>&nbsp;<\/p>\n","protected":false},"excerpt":{"rendered":"<p>&nbsp;<\/p>\n","protected":false},"author":1,"featured_media":0,"parent":0,"menu_order":2,"comment_status":"closed","ping_status":"closed","template":"","meta":{"footnotes":""},"class_list":["post-13969","page","type-page","status-publish","hentry"],"_links":{"self":[{"href":"https:\/\/www.maine-anjou.de\/en\/wp-json\/wp\/v2\/pages\/13969","targetHints":{"allow":["GET"]}}],"collection":[{"href":"https:\/\/www.maine-anjou.de\/en\/wp-json\/wp\/v2\/pages"}],"about":[{"href":"https:\/\/www.maine-anjou.de\/en\/wp-json\/wp\/v2\/types\/page"}],"author":[{"embeddable":true,"href":"https:\/\/www.maine-anjou.de\/en\/wp-json\/wp\/v2\/users\/1"}],"replies":[{"embeddable":true,"href":"https:\/\/www.maine-anjou.de\/en\/wp-json\/wp\/v2\/comments?post=13969"}],"version-history":[{"count":3,"href":"https:\/\/www.maine-anjou.de\/en\/wp-json\/wp\/v2\/pages\/13969\/revisions"}],"predecessor-version":[{"id":14027,"href":"https:\/\/www.maine-anjou.de\/en\/wp-json\/wp\/v2\/pages\/13969\/revisions\/14027"}],"wp:attachment":[{"href":"https:\/\/www.maine-anjou.de\/en\/wp-json\/wp\/v2\/media?parent=13969"}],"curies":[{"name":"wp","href":"https:\/\/api.w.org\/{rel}","templated":true}]}}